{"id":1450,"date":"2022-12-05T08:30:22","date_gmt":"2022-12-05T08:30:22","guid":{"rendered":"https:\/\/goodtoknow.is\/forsida\/"},"modified":"2022-12-05T13:48:29","modified_gmt":"2022-12-05T13:48:29","slug":"forsida","status":"publish","type":"page","link":"https:\/\/goodtoknow.is\/is\/","title":{"rendered":"Fors\u00ed\u00f0a"},"content":{"rendered":"","protected":false},"excerpt":{"rendered":"<p>Velkomin \u00e1 goodtoknow.is, uppl\u00fdsingavef fyrir starfsf\u00f3lk \u00ed fer\u00f0a\u00fej\u00f3nustu. H\u00e9r er a\u00f0 finna uppl\u00fdsingar um \u00cdsland og \u00edslenska fer\u00f0a\u00fej\u00f3nustu. <\/p>\n","protected":false},"author":2,"featured_media":0,"parent":0,"menu_order":0,"comment_status":"closed","ping_status":"closed","template":"","meta":{"_acf_changed":false,"footnotes":""},"class_list":["post-1450","page","type-page","status-publish","hentry"],"acf":[],"_links":{"self":[{"href":"https:\/\/goodtoknow.is\/is\/wp-json\/wp\/v2\/pages\/1450","targetHints":{"allow":["GET"]}}],"collection":[{"href":"https:\/\/goodtoknow.is\/is\/wp-json\/wp\/v2\/pages"}],"about":[{"href":"https:\/\/goodtoknow.is\/is\/wp-json\/wp\/v2\/types\/page"}],"author":[{"embeddable":true,"href":"https:\/\/goodtoknow.is\/is\/wp-json\/wp\/v2\/users\/2"}],"replies":[{"embeddable":true,"href":"https:\/\/goodtoknow.is\/is\/wp-json\/wp\/v2\/comments?post=1450"}],"version-history":[{"count":1,"href":"https:\/\/goodtoknow.is\/is\/wp-json\/wp\/v2\/pages\/1450\/revisions"}],"predecessor-version":[{"id":1452,"href":"https:\/\/goodtoknow.is\/is\/wp-json\/wp\/v2\/pages\/1450\/revisions\/1452"}],"wp:attachment":[{"href":"https:\/\/goodtoknow.is\/is\/wp-json\/wp\/v2\/media?parent=1450"}],"curies":[{"name":"wp","href":"https:\/\/api.w.org\/{rel}","templated":true}]}}