{"id":1287,"date":"2022-08-03T13:27:02","date_gmt":"2022-08-03T13:27:02","guid":{"rendered":"https:\/\/goodtoknow.is\/oryggi\/akstur-a-halendinu\/"},"modified":"2022-12-05T13:52:00","modified_gmt":"2022-12-05T13:52:00","slug":"akstur-a-halendinu","status":"publish","type":"page","link":"https:\/\/goodtoknow.is\/is\/oryggi\/akstur-a-halendinu\/","title":{"rendered":"Akstur \u00e1 h\u00e1lendinu"},"content":{"rendered":"\n<p>Vegir \u00e1 h\u00e1lendinu eru fjallvegir, gjarnan kalla\u00f0ir <strong>\u201eF-roads\u201c<\/strong> \u00e1 ensku. Til \u00feess a\u00f0 keyra fjallveg \u00fearf a\u00f0 vera \u00e1 vel \u00fatb\u00fanum fj\u00f3rhj\u00f3ladrifnum b\u00edl. Akstur \u00e1 fjallvegum er krefjandi. Fjallvegir eru margir hverjir hol\u00f3ttir og \u00fea\u00f0 \u00fearf oft a\u00f0 aka mj\u00f6g h\u00e6gt eftir \u00feeim.  <\/p>\n\n<p>Fer\u00f0amenn ver\u00f0a a\u00f0 kanna hvort keyra megi \u00e1 fjallvegi \u00e1 vi\u00f0komandi b\u00edlaleigub\u00edl me\u00f0 \u00fev\u00ed a\u00f0 r\u00fdna <strong>leiguskilm\u00e1lana<\/strong> \u00e1\u00f0ur en lagt er af sta\u00f0.<\/p>\n\n<p>\u00c1 veturna er \u00f3f\u00e6rt \u00e1 h\u00e1lendinu. Opnun fjallvega fer eftir ve\u00f0urfari, en er yfirleitt \u00e1 t\u00edmabilinu fr\u00e1 lokum ma\u00ed til j\u00fan\u00edloka.<\/p>\n\n<p>Fer\u00f0amenn sem keyra fjallvegi \u00feurfa a\u00f0 b\u00faa yfir <strong>\u00feekkingu og reynslu<\/strong> af akstri \u00ed krefjandi a\u00f0st\u00e6\u00f0um. Auk \u00feess \u00fearf a\u00f0 vera \u00e1 vel \u00fatb\u00fanum, fj\u00f3rhj\u00f3ladrifnum b\u00edl.<\/p>\n\n<p>\u00c1 h\u00e1lendinu \u00feurfa \u00f6kumenn oft a\u00f0 <strong>\u00fevera \u00e1r<\/strong>. M\u00e6lt er me\u00f0 a\u00f0 \u00f6kumenn sem hafa ekki reynslu af sl\u00edku sn\u00fai vi\u00f0 og keyri \u00fear sem ekki \u00fearf a\u00f0 \u00fevera. B\u00edlatryggingar n\u00e1 alla jafna ekki yfir tj\u00f3n sem ver\u00f0ur \u00feegar eki\u00f0 er yfir \u00e1r.<\/p>\n\n<p>Kynntu \u00fe\u00e9r uppl\u00fdsingar \u00e1 safetravel.is um <a href=\"https:\/\/safetravel.is\/highland-driving\" target=\"_blank\" rel=\"noreferrer noopener\">akstur \u00e1 h\u00e1lendinu<\/a>.<\/p>\n\n<figure class=\"wp-block-table\"><table><tbody><tr><td><strong>Vins\u00e6lir fjallvegir (vegn\u00famer)<\/strong><\/td><td><strong>Opnun \u00ed fyrsta lagi<\/strong><\/td><td><strong>Opnun \u00ed s\u00ed\u00f0asta lagi<\/strong><\/td><\/tr><tr><td>Kj\u00f6lur (35)<\/td><td>24. ma\u00ed<\/td><td>15. j\u00fan\u00ed<\/td><\/tr><tr><td>Sprengisandur (F26)<\/td><td>20. j\u00fan\u00ed<\/td><td>9. j\u00fal\u00ed<\/td><\/tr><tr><td>Landmannalei\u00f0 \/ D\u00f3madalur (F225)<\/td><td>28. ma\u00ed<\/td><td>14. j\u00fal\u00ed<\/td><\/tr><tr><td>Sigalda \u00ed \u00e1tt a\u00f0 Landmannalaugum (F208)<\/td><td>24. ma\u00ed<\/td><td>20. j\u00fan\u00ed<\/td><\/tr><tr><td>A\u00f0rir fjallvegir<\/td><td>sj\u00e1 <a href=\"https:\/\/www.road.is\/travel-info\/condition-and-opening-of-mountain-roads\/?msclkid=3e8e53cdd06c11ec9faae5d95a1ab8e8\" target=\"_blank\" rel=\"noreferrer noopener\">h\u00e9r<\/a><\/td><td><\/td><\/tr><\/tbody><\/table><\/figure>\n","protected":false},"excerpt":{"rendered":"<p>Vegir \u00e1 h\u00e1lendinu eru fjallvegir, gjarnan kalla\u00f0ir \u201eF-roads\u201c \u00e1 ensku. Til \u00feess a\u00f0 keyra fjallveg \u00fearf a\u00f0 vera \u00e1 vel \u00fatb\u00fanum fj\u00f3rhj\u00f3ladrifnum b\u00edl. Akstur \u00e1 fjallvegum er krefjandi. Fjallvegir eru margir hverjir hol\u00f3ttir og \u00fea\u00f0 \u00fearf oft a\u00f0 aka mj\u00f6g h\u00e6gt eftir \u00feeim. Fer\u00f0amenn ver\u00f0a a\u00f0 kanna hvort keyra megi \u00e1 fjallvegi \u00e1 vi\u00f0komandi b\u00edlaleigub\u00edl [&hellip;]<\/p>\n","protected":false},"author":10,"featured_media":0,"parent":1244,"menu_order":2,"comment_status":"closed","ping_status":"closed","template":"","meta":{"_acf_changed":false,"footnotes":""},"class_list":["post-1287","page","type-page","status-publish","hentry"],"acf":[],"_links":{"self":[{"href":"https:\/\/goodtoknow.is\/is\/wp-json\/wp\/v2\/pages\/1287","targetHints":{"allow":["GET"]}}],"collection":[{"href":"https:\/\/goodtoknow.is\/is\/wp-json\/wp\/v2\/pages"}],"about":[{"href":"https:\/\/goodtoknow.is\/is\/wp-json\/wp\/v2\/types\/page"}],"author":[{"embeddable":true,"href":"https:\/\/goodtoknow.is\/is\/wp-json\/wp\/v2\/users\/10"}],"replies":[{"embeddable":true,"href":"https:\/\/goodtoknow.is\/is\/wp-json\/wp\/v2\/comments?post=1287"}],"version-history":[{"count":7,"href":"https:\/\/goodtoknow.is\/is\/wp-json\/wp\/v2\/pages\/1287\/revisions"}],"predecessor-version":[{"id":1497,"href":"https:\/\/goodtoknow.is\/is\/wp-json\/wp\/v2\/pages\/1287\/revisions\/1497"}],"up":[{"embeddable":true,"href":"https:\/\/goodtoknow.is\/is\/wp-json\/wp\/v2\/pages\/1244"}],"wp:attachment":[{"href":"https:\/\/goodtoknow.is\/is\/wp-json\/wp\/v2\/media?parent=1287"}],"curies":[{"name":"wp","href":"https:\/\/api.w.org\/{rel}","templated":true}]}}