{"id":1268,"date":"2022-10-17T16:33:18","date_gmt":"2022-10-17T16:33:18","guid":{"rendered":"https:\/\/goodtoknow.is\/afangastadir-ferdamanna\/ishellar\/"},"modified":"2022-12-07T08:51:22","modified_gmt":"2022-12-07T08:51:22","slug":"ishellar","status":"publish","type":"page","link":"https:\/\/goodtoknow.is\/is\/afangastadir-ferdamanna\/ishellar\/","title":{"rendered":"\u00cdshellar"},"content":{"rendered":"\n<div class=\"wp-block-columns is-layout-flex wp-container-core-columns-is-layout-9d6595d7 wp-block-columns-is-layout-flex\">\n<div class=\"wp-block-column is-layout-flow wp-block-column-is-layout-flow\">\n<p>\u00c1 veturna (vanalega fr\u00e1 okt\u00f3ber fram \u00ed mars) er h\u00e6gt a\u00f0 sko\u00f0a \u00edshella, en \u00fea\u00f0 fer miki\u00f0 eftir ve\u00f0ri. <\/p>\n\n\n\n<p>V\u00ed\u00f0a erlendis er h\u00e6gt a\u00f0 sko\u00f0a s\u00f6mu \u00edshellana \u00e1r eftir \u00e1r, en \u00e1 \u00cdslandi breytast a\u00f0st\u00e6\u00f0ur eftir hvern vetur og \u00fev\u00ed \u00feurfa lei\u00f0s\u00f6gumenn a\u00f0 finna n\u00fdja hella \u00e1r hvert.<\/p>\n\n\n\n<p><strong>Ekki er m\u00e6lt me\u00f0 a\u00f0 fara inn \u00ed \u00edshella nema me\u00f0 reyndum j\u00f6kla- e\u00f0a fjallalei\u00f0s\u00f6gumanni og nau\u00f0synlegum \u00f6ryggisb\u00fana\u00f0i. <\/strong><\/p>\n\n\n\n<p>Smelltu <a href=\"https:\/\/www.visiticeland.com\/things-to-do\/\" target=\"_blank\" rel=\"noreferrer noopener\">h\u00e9r<\/a> til a\u00f0 sj\u00e1 hva\u00f0a fyrirt\u00e6ki bj\u00f3\u00f0a upp \u00e1 \u00edshellafer\u00f0ir me\u00f0 lei\u00f0s\u00f6gn. <\/p>\n\n\n\n<p>Auk \u00edshella sem myndast n\u00e1tt\u00farulega getur fer\u00f0af\u00f3lk einnig sko\u00f0a\u00f0 mannger\u00f0a \u00edshella allan \u00e1rsins hring.<\/p>\n<\/div>\n\n\n\n<div class=\"wp-block-column is-layout-flow wp-block-column-is-layout-flow\">\n<figure class=\"wp-block-image size-large\"><img loading=\"lazy\" decoding=\"async\" width=\"1024\" height=\"683\" src=\"https:\/\/goodtoknow.is\/wp-content\/uploads\/2022\/10\/Ice-cave-1024x683.jpeg\" alt=\"\" class=\"wp-image-1139\" srcset=\"https:\/\/goodtoknow.is\/wp-content\/uploads\/2022\/10\/Ice-cave-1024x683.jpeg 1024w, https:\/\/goodtoknow.is\/wp-content\/uploads\/2022\/10\/Ice-cave-300x200.jpeg 300w, https:\/\/goodtoknow.is\/wp-content\/uploads\/2022\/10\/Ice-cave-768x512.jpeg 768w, https:\/\/goodtoknow.is\/wp-content\/uploads\/2022\/10\/Ice-cave-1536x1024.jpeg 1536w, https:\/\/goodtoknow.is\/wp-content\/uploads\/2022\/10\/Ice-cave-2048x1365.jpeg 2048w\" sizes=\"auto, (max-width: 1024px) 100vw, 1024px\" \/><\/figure>\n<\/div>\n<\/div>\n","protected":false},"excerpt":{"rendered":"<p>\u00c1 veturna (vanalega fr\u00e1 okt\u00f3ber fram \u00ed mars) er h\u00e6gt a\u00f0 sko\u00f0a \u00edshella, en \u00fea\u00f0 fer miki\u00f0 eftir ve\u00f0ri. V\u00ed\u00f0a erlendis er h\u00e6gt a\u00f0 sko\u00f0a s\u00f6mu \u00edshellana \u00e1r eftir \u00e1r, en \u00e1 \u00cdslandi breytast a\u00f0st\u00e6\u00f0ur eftir hvern vetur og \u00fev\u00ed \u00feurfa lei\u00f0s\u00f6gumenn a\u00f0 finna n\u00fdja hella \u00e1r hvert. Ekki er m\u00e6lt me\u00f0 a\u00f0 fara inn [&hellip;]<\/p>\n","protected":false},"author":10,"featured_media":0,"parent":1263,"menu_order":2,"comment_status":"closed","ping_status":"closed","template":"","meta":{"_acf_changed":false,"footnotes":""},"class_list":["post-1268","page","type-page","status-publish","hentry"],"acf":[],"_links":{"self":[{"href":"https:\/\/goodtoknow.is\/is\/wp-json\/wp\/v2\/pages\/1268","targetHints":{"allow":["GET"]}}],"collection":[{"href":"https:\/\/goodtoknow.is\/is\/wp-json\/wp\/v2\/pages"}],"about":[{"href":"https:\/\/goodtoknow.is\/is\/wp-json\/wp\/v2\/types\/page"}],"author":[{"embeddable":true,"href":"https:\/\/goodtoknow.is\/is\/wp-json\/wp\/v2\/users\/10"}],"replies":[{"embeddable":true,"href":"https:\/\/goodtoknow.is\/is\/wp-json\/wp\/v2\/comments?post=1268"}],"version-history":[{"count":13,"href":"https:\/\/goodtoknow.is\/is\/wp-json\/wp\/v2\/pages\/1268\/revisions"}],"predecessor-version":[{"id":1550,"href":"https:\/\/goodtoknow.is\/is\/wp-json\/wp\/v2\/pages\/1268\/revisions\/1550"}],"up":[{"embeddable":true,"href":"https:\/\/goodtoknow.is\/is\/wp-json\/wp\/v2\/pages\/1263"}],"wp:attachment":[{"href":"https:\/\/goodtoknow.is\/is\/wp-json\/wp\/v2\/media?parent=1268"}],"curies":[{"name":"wp","href":"https:\/\/api.w.org\/{rel}","templated":true}]}}