{"id":1266,"date":"2022-10-17T15:43:34","date_gmt":"2022-10-17T15:43:34","guid":{"rendered":"https:\/\/goodtoknow.is\/afangastadir-ferdamanna\/nordurljos\/"},"modified":"2022-12-05T13:53:16","modified_gmt":"2022-12-05T13:53:16","slug":"nordurljos","status":"publish","type":"page","link":"https:\/\/goodtoknow.is\/is\/afangastadir-ferdamanna\/nordurljos\/","title":{"rendered":"Nor\u00f0urlj\u00f3s"},"content":{"rendered":"\n<p class=\"has-text-align-left\">Eitt helsta a\u00f0dr\u00e1ttarafl \u00cdslands \u00e1 veturna eru nor\u00f0urlj\u00f3s. <\/p>\n\n<p>\u00deau er a\u00f0eins h\u00e6gt a\u00f0 sj\u00e1 \u00e1 veturna (vanalega fr\u00e1 mi\u00f0jum september \u00feanga\u00f0 til um mi\u00f0jan apr\u00edl). Til \u00feess a\u00f0 h\u00e6gt s\u00e9 a\u00f0 sj\u00e1 nor\u00f0urlj\u00f3s \u00fearf a\u00f0 vera hei\u00f0sk\u00fdrt og j\u00f6r\u00f0in \u00fearf a\u00f0 vera innan \u00ed straumi s\u00f3lvinds. <\/p>\n\n<p>\u00c1 <a rel=\"noreferrer noopener\" href=\"https:\/\/auroraforecast.is\/\" target=\"_blank\">auroraforecast.is<\/a> er h\u00e6gt a\u00f0 sko\u00f0a nor\u00f0urlj\u00f3sa- og sk\u00fdjahulusp\u00e1. <\/p>\n","protected":false},"excerpt":{"rendered":"<p>Eitt helsta a\u00f0dr\u00e1ttarafl \u00cdslands \u00e1 veturna eru nor\u00f0urlj\u00f3s. \u00deau er a\u00f0eins h\u00e6gt a\u00f0 sj\u00e1 \u00e1 veturna (vanalega fr\u00e1 mi\u00f0jum september \u00feanga\u00f0 til um mi\u00f0jan apr\u00edl). Til \u00feess a\u00f0 h\u00e6gt s\u00e9 a\u00f0 sj\u00e1 nor\u00f0urlj\u00f3s \u00fearf a\u00f0 vera hei\u00f0sk\u00fdrt og j\u00f6r\u00f0in \u00fearf a\u00f0 vera innan \u00ed straumi s\u00f3lvinds. \u00c1 auroraforecast.is er h\u00e6gt a\u00f0 sko\u00f0a nor\u00f0urlj\u00f3sa- og sk\u00fdjahulusp\u00e1.<\/p>\n","protected":false},"author":10,"featured_media":0,"parent":1263,"menu_order":1,"comment_status":"closed","ping_status":"closed","template":"","meta":{"_acf_changed":false,"footnotes":""},"class_list":["post-1266","page","type-page","status-publish","hentry"],"acf":[],"_links":{"self":[{"href":"https:\/\/goodtoknow.is\/is\/wp-json\/wp\/v2\/pages\/1266","targetHints":{"allow":["GET"]}}],"collection":[{"href":"https:\/\/goodtoknow.is\/is\/wp-json\/wp\/v2\/pages"}],"about":[{"href":"https:\/\/goodtoknow.is\/is\/wp-json\/wp\/v2\/types\/page"}],"author":[{"embeddable":true,"href":"https:\/\/goodtoknow.is\/is\/wp-json\/wp\/v2\/users\/10"}],"replies":[{"embeddable":true,"href":"https:\/\/goodtoknow.is\/is\/wp-json\/wp\/v2\/comments?post=1266"}],"version-history":[{"count":6,"href":"https:\/\/goodtoknow.is\/is\/wp-json\/wp\/v2\/pages\/1266\/revisions"}],"predecessor-version":[{"id":1513,"href":"https:\/\/goodtoknow.is\/is\/wp-json\/wp\/v2\/pages\/1266\/revisions\/1513"}],"up":[{"embeddable":true,"href":"https:\/\/goodtoknow.is\/is\/wp-json\/wp\/v2\/pages\/1263"}],"wp:attachment":[{"href":"https:\/\/goodtoknow.is\/is\/wp-json\/wp\/v2\/media?parent=1266"}],"curies":[{"name":"wp","href":"https:\/\/api.w.org\/{rel}","templated":true}]}}