{"id":1258,"date":"2022-08-03T13:36:56","date_gmt":"2022-08-03T13:36:56","guid":{"rendered":"https:\/\/goodtoknow.is\/oryggi\/bjorgunarsveitir\/"},"modified":"2022-12-22T11:01:34","modified_gmt":"2022-12-22T11:01:34","slug":"bjorgunarsveitir","status":"publish","type":"page","link":"https:\/\/goodtoknow.is\/is\/oryggi\/bjorgunarsveitir\/","title":{"rendered":"Bj\u00f6rgunarsveitir"},"content":{"rendered":"\n<p><a rel=\"noreferrer noopener\" href=\"https:\/\/www.landsbjorg.is\/\" target=\"_blank\">Slysavarnarf\u00e9lagi\u00f0 Landsbj\u00f6rg<\/a> eru landssamt\u00f6k bj\u00f6rgunarsveita. \u00de\u00fasundir sj\u00e1lfbo\u00f0ali\u00f0a og s\u00e9rfr\u00e6\u00f0inga eru virk \u00ed bj\u00f6rgunarsveitum um land allt og a\u00f0sto\u00f0a \u00edb\u00faa og fer\u00f0af\u00f3lk \u00e1 landi og sj\u00f3. A\u00f0sto\u00f0 \u00ed ney\u00f0artilfellum er gjaldfrj\u00e1ls. Hins vegar geta fer\u00f0amenn sem fara ekki eftir reglum og koma s\u00e9r v\u00edsvitandi \u00ed h\u00e6ttu, \u00e1tt von \u00e1 sekt og rukkun fyrir bj\u00f6rgunara\u00f0sto\u00f0.<\/p>\n","protected":false},"excerpt":{"rendered":"<p>Slysavarnarf\u00e9lagi\u00f0 Landsbj\u00f6rg eru landssamt\u00f6k bj\u00f6rgunarsveita. \u00de\u00fasundir sj\u00e1lfbo\u00f0ali\u00f0a og s\u00e9rfr\u00e6\u00f0inga eru virk \u00ed bj\u00f6rgunarsveitum um land allt og a\u00f0sto\u00f0a \u00edb\u00faa og fer\u00f0af\u00f3lk \u00e1 landi og sj\u00f3. A\u00f0sto\u00f0 \u00ed ney\u00f0artilfellum er gjaldfrj\u00e1ls. Hins vegar geta fer\u00f0amenn sem fara ekki eftir reglum og koma s\u00e9r v\u00edsvitandi \u00ed h\u00e6ttu, \u00e1tt von \u00e1 sekt og rukkun fyrir bj\u00f6rgunara\u00f0sto\u00f0.<\/p>\n","protected":false},"author":10,"featured_media":0,"parent":1244,"menu_order":5,"comment_status":"closed","ping_status":"closed","template":"","meta":{"_acf_changed":false,"footnotes":""},"class_list":["post-1258","page","type-page","status-publish","hentry"],"acf":[],"_links":{"self":[{"href":"https:\/\/goodtoknow.is\/is\/wp-json\/wp\/v2\/pages\/1258","targetHints":{"allow":["GET"]}}],"collection":[{"href":"https:\/\/goodtoknow.is\/is\/wp-json\/wp\/v2\/pages"}],"about":[{"href":"https:\/\/goodtoknow.is\/is\/wp-json\/wp\/v2\/types\/page"}],"author":[{"embeddable":true,"href":"https:\/\/goodtoknow.is\/is\/wp-json\/wp\/v2\/users\/10"}],"replies":[{"embeddable":true,"href":"https:\/\/goodtoknow.is\/is\/wp-json\/wp\/v2\/comments?post=1258"}],"version-history":[{"count":13,"href":"https:\/\/goodtoknow.is\/is\/wp-json\/wp\/v2\/pages\/1258\/revisions"}],"predecessor-version":[{"id":1639,"href":"https:\/\/goodtoknow.is\/is\/wp-json\/wp\/v2\/pages\/1258\/revisions\/1639"}],"up":[{"embeddable":true,"href":"https:\/\/goodtoknow.is\/is\/wp-json\/wp\/v2\/pages\/1244"}],"wp:attachment":[{"href":"https:\/\/goodtoknow.is\/is\/wp-json\/wp\/v2\/media?parent=1258"}],"curies":[{"name":"wp","href":"https:\/\/api.w.org\/{rel}","templated":true}]}}