{"id":1248,"date":"2022-08-03T13:34:54","date_gmt":"2022-08-03T13:34:54","guid":{"rendered":"https:\/\/goodtoknow.is\/oryggi\/heilbrigdisthjonusta\/"},"modified":"2025-05-27T11:22:33","modified_gmt":"2025-05-27T11:22:33","slug":"heilbrigdisthjonusta","status":"publish","type":"page","link":"https:\/\/goodtoknow.is\/is\/oryggi\/heilbrigdisthjonusta\/","title":{"rendered":"Heilbrig\u00f0is\u00fej\u00f3nusta"},"content":{"rendered":"\n<p>Heilbrig\u00f0is\u00fej\u00f3nustu er h\u00e6gt a\u00f0 n\u00e1lgast \u00e1 <em>heilsug\u00e6slust\u00f6\u00f0vum<\/em> um land allt. Til a\u00f0 b\u00f3ka t\u00edma hj\u00e1 l\u00e6kni samd\u00e6gurs er h\u00e6gt a\u00f0 hafa samband vi\u00f0 <strong>s\u00ed\u00f0degisvaktir<\/strong>. Smelltu <a rel=\"noreferrer noopener\" href=\"https:\/\/www.heilsuvera.is\/kort\/\" target=\"_blank\">h\u00e9r<\/a> til a\u00f0 finna n\u00e6stu heilsug\u00e6slust\u00f6\u00f0, sko\u00f0a opnunart\u00edma og f\u00e1 uppl\u00fdsingar um br\u00e1\u00f0a\u00fej\u00f3nustu.  <\/p>\n\n\n\n<p><a href=\"https:\/\/island.is\/frett\/1700-simaradgjoef\">Uppl\u00fdsingami\u00f0st\u00f6\u00f0 Heilsug\u00e6slu h\u00f6fu\u00f0borgarsv\u00e6\u00f0isins<\/a> b\u00fd\u00f0ur upp \u00e1 s\u00edmar\u00e1\u00f0gj\u00f6f allan s\u00f3lahringinn og a\u00f0 auki er <a href=\"https:\/\/island.is\/frett\/www.heilsuvera.is\">netspjall <\/a>opi\u00f0 fr\u00e1 08:00 til 22:00 alla daga. S\u00edmi: 1700.<\/p>\n\n\n\n<p><strong>Sj\u00fakratryggingar<\/strong>: Heilbrig\u00f0istryggingakerfi\u00f0 \u00e1 \u00cdslandi er grei\u00f0slu\u00fe\u00e1ttt\u00f6kukerfi sem dregur \u00far heilbrig\u00f0iskostna\u00f0i f\u00f3lks. Hins vegar er ekki \u00f6ll heilbrig\u00f0is\u00fej\u00f3nusta gjaldfrj\u00e1ls. EES-borgarar grei\u00f0a jafn miki\u00f0 og \u00edslenskir r\u00edkisborgarar fyrir heilbrig\u00f0is\u00fej\u00f3nustu \u00e1 \u00cdslandi svo lengi sem \u00feeir eru me\u00f0 evr\u00f3pska sj\u00fakratryggingakorti\u00f0. R\u00edkisborgarar annarra landa f\u00e1 enga ni\u00f0urgrei\u00f0slu og grei\u00f0a fullt gjald.    <\/p>\n\n\n\n<p><strong>Lyf<\/strong> er h\u00e6gt a\u00f0 n\u00e1lgast \u00ed <em>ap\u00f3tekum<\/em> um land allt.<\/p>\n\n\n\n<p>N\u00e1nari uppl\u00fdsingar um heilbrig\u00f0is\u00fej\u00f3nustu \u00e1 \u00cdslandi m\u00e1 finna <a href=\"https:\/\/mcc.is\/living-in-iceland\/healthcare\" target=\"_blank\" rel=\"noreferrer noopener\">h\u00e9r.<\/a><\/p>\n","protected":false},"excerpt":{"rendered":"<p>Heilbrig\u00f0is\u00fej\u00f3nustu er h\u00e6gt a\u00f0 n\u00e1lgast \u00e1 heilsug\u00e6slust\u00f6\u00f0vum um land allt. Til a\u00f0 b\u00f3ka t\u00edma hj\u00e1 l\u00e6kni samd\u00e6gurs er h\u00e6gt a\u00f0 hafa samband vi\u00f0 s\u00ed\u00f0degisvaktir. Smelltu h\u00e9r til a\u00f0 finna n\u00e6stu heilsug\u00e6slust\u00f6\u00f0, sko\u00f0a opnunart\u00edma og f\u00e1 uppl\u00fdsingar um br\u00e1\u00f0a\u00fej\u00f3nustu. Uppl\u00fdsingami\u00f0st\u00f6\u00f0 Heilsug\u00e6slu h\u00f6fu\u00f0borgarsv\u00e6\u00f0isins b\u00fd\u00f0ur upp \u00e1 s\u00edmar\u00e1\u00f0gj\u00f6f allan s\u00f3lahringinn og a\u00f0 auki er netspjall opi\u00f0 fr\u00e1 08:00 [&hellip;]<\/p>\n","protected":false},"author":10,"featured_media":0,"parent":1244,"menu_order":0,"comment_status":"closed","ping_status":"closed","template":"","meta":{"_acf_changed":false,"footnotes":""},"class_list":["post-1248","page","type-page","status-publish","hentry"],"acf":[],"_links":{"self":[{"href":"https:\/\/goodtoknow.is\/is\/wp-json\/wp\/v2\/pages\/1248","targetHints":{"allow":["GET"]}}],"collection":[{"href":"https:\/\/goodtoknow.is\/is\/wp-json\/wp\/v2\/pages"}],"about":[{"href":"https:\/\/goodtoknow.is\/is\/wp-json\/wp\/v2\/types\/page"}],"author":[{"embeddable":true,"href":"https:\/\/goodtoknow.is\/is\/wp-json\/wp\/v2\/users\/10"}],"replies":[{"embeddable":true,"href":"https:\/\/goodtoknow.is\/is\/wp-json\/wp\/v2\/comments?post=1248"}],"version-history":[{"count":18,"href":"https:\/\/goodtoknow.is\/is\/wp-json\/wp\/v2\/pages\/1248\/revisions"}],"predecessor-version":[{"id":2069,"href":"https:\/\/goodtoknow.is\/is\/wp-json\/wp\/v2\/pages\/1248\/revisions\/2069"}],"up":[{"embeddable":true,"href":"https:\/\/goodtoknow.is\/is\/wp-json\/wp\/v2\/pages\/1244"}],"wp:attachment":[{"href":"https:\/\/goodtoknow.is\/is\/wp-json\/wp\/v2\/media?parent=1248"}],"curies":[{"name":"wp","href":"https:\/\/api.w.org\/{rel}","templated":true}]}}