{"id":1242,"date":"2022-06-08T15:10:00","date_gmt":"2022-06-08T15:10:00","guid":{"rendered":"https:\/\/goodtoknow.is\/thjodin\/fridagar\/"},"modified":"2022-12-22T10:41:55","modified_gmt":"2022-12-22T10:41:55","slug":"fridagar","status":"publish","type":"page","link":"https:\/\/goodtoknow.is\/is\/thjodin\/fridagar\/","title":{"rendered":"Fr\u00eddagar"},"content":{"rendered":"\n<p>Fr\u00eddagar \u00e1 \u00cdslandi eru 16 talsins. <\/p>\n\n<div class=\"wp-block-columns is-layout-flex wp-container-core-columns-is-layout-9d6595d7 wp-block-columns-is-layout-flex\">\n<div class=\"wp-block-column is-layout-flow wp-block-column-is-layout-flow\">\n<ul class=\"wp-block-list\">\n<li>N\u00fd\u00e1rsdagur (1. jan\u00faar)<\/li>\n\n\n\n<li>Sk\u00edrdagur<\/li>\n\n\n\n<li>F\u00f6studagurinn langi<\/li>\n\n\n\n<li>P\u00e1skadagur<\/li>\n\n\n\n<li>Annar \u00ed p\u00e1skum<\/li>\n\n\n\n<li>Uppstigningardagur (40 d\u00f6gum eftir p\u00e1ska)\u200b<\/li>\n\n\n\n<li>Hv\u00edtasunnudagur (50 d\u00f6gum eftir p\u00e1ska)\u200b<\/li>\n\n\n\n<li>Annar \u00ed Hv\u00edtasunnu<\/li>\n<\/ul>\n<\/div>\n\n\n\n<div class=\"wp-block-column is-layout-flow wp-block-column-is-layout-flow\">\n<ul class=\"wp-block-list\">\n<li>Sumardagurinn fyrsti (\u00feri\u00f0ji fimmtudagurinn \u00ed apr\u00edl)\u200b<\/li>\n\n\n\n<li>Bar\u00e1ttudagur verkal\u00fd\u00f0sins (1. ma\u00ed)<\/li>\n\n\n\n<li>\u00dej\u00f3\u00f0h\u00e1t\u00ed\u00f0ardagur \u00cdslendinga (17. j\u00fan\u00ed)<\/li>\n\n\n\n<li>Fr\u00eddagur verzlunarmanna (fyrsti m\u00e1nudagurinn \u00ed \u00e1g\u00fast)<\/li>\n\n\n\n<li>A\u00f0fangadagur j\u00f3la (24. desember) eftir kl. 12:00<\/li>\n\n\n\n<li>J\u00f3ladagur (25. desember)<\/li>\n\n\n\n<li>Annar \u00ed j\u00f3lum (26. desember)<\/li>\n\n\n\n<li>Gaml\u00e1rsdagur (31. desember) eftir kl. 12:00 <\/li>\n<\/ul>\n<\/div>\n<\/div>\n\n<p>Smelltu <a href=\"https:\/\/www.landneminn.is\/is\/namsefni-fyrir-innflytjendur\/saga-landafraedi-og-lifsstill\/nattura-og-landafraedi-islands\" target=\"_blank\" rel=\"noreferrer noopener\">h\u00e9r<\/a> til a\u00f0 n\u00e1lgast uppl\u00fdsingar um a\u00f0rar h\u00e1t\u00ed\u00f0ir og hef\u00f0ir \u00e1 \u00cdslandi.  <\/p>\n\n<p><\/p>\n","protected":false},"excerpt":{"rendered":"<p>Fr\u00eddagar \u00e1 \u00cdslandi eru 16 talsins. Smelltu h\u00e9r til a\u00f0 n\u00e1lgast uppl\u00fdsingar um a\u00f0rar h\u00e1t\u00ed\u00f0ir og hef\u00f0ir \u00e1 \u00cdslandi.<\/p>\n","protected":false},"author":2,"featured_media":0,"parent":1223,"menu_order":4,"comment_status":"closed","ping_status":"closed","template":"","meta":{"_acf_changed":false,"footnotes":""},"class_list":["post-1242","page","type-page","status-publish","hentry"],"acf":[],"_links":{"self":[{"href":"https:\/\/goodtoknow.is\/is\/wp-json\/wp\/v2\/pages\/1242","targetHints":{"allow":["GET"]}}],"collection":[{"href":"https:\/\/goodtoknow.is\/is\/wp-json\/wp\/v2\/pages"}],"about":[{"href":"https:\/\/goodtoknow.is\/is\/wp-json\/wp\/v2\/types\/page"}],"author":[{"embeddable":true,"href":"https:\/\/goodtoknow.is\/is\/wp-json\/wp\/v2\/users\/2"}],"replies":[{"embeddable":true,"href":"https:\/\/goodtoknow.is\/is\/wp-json\/wp\/v2\/comments?post=1242"}],"version-history":[{"count":9,"href":"https:\/\/goodtoknow.is\/is\/wp-json\/wp\/v2\/pages\/1242\/revisions"}],"predecessor-version":[{"id":1603,"href":"https:\/\/goodtoknow.is\/is\/wp-json\/wp\/v2\/pages\/1242\/revisions\/1603"}],"up":[{"embeddable":true,"href":"https:\/\/goodtoknow.is\/is\/wp-json\/wp\/v2\/pages\/1223"}],"wp:attachment":[{"href":"https:\/\/goodtoknow.is\/is\/wp-json\/wp\/v2\/media?parent=1242"}],"curies":[{"name":"wp","href":"https:\/\/api.w.org\/{rel}","templated":true}]}}