{"id":1238,"date":"2022-06-03T14:56:00","date_gmt":"2022-06-03T14:56:00","guid":{"rendered":"https:\/\/goodtoknow.is\/thjodin\/gjaldmidill\/"},"modified":"2022-12-05T13:51:02","modified_gmt":"2022-12-05T13:51:02","slug":"gjaldmidill","status":"publish","type":"page","link":"https:\/\/goodtoknow.is\/is\/thjodin\/gjaldmidill\/","title":{"rendered":"Gjaldmi\u00f0ill"},"content":{"rendered":"\n<p>\u00cdslenski gjaldmi\u00f0ilinn kallast \u00cdslenska Kr\u00f3nan (ISK).<\/p>\n\n<p>Algengast er a\u00f0 f\u00f3lk borgi me\u00f0 kredit- e\u00f0a debitkortum. Ekki er teki\u00f0 vi\u00f0 American Express alls sta\u00f0ar.<\/p>\n\n<div class=\"wp-block-buttons is-layout-flex wp-block-buttons-is-layout-flex\"><\/div>\n","protected":false},"excerpt":{"rendered":"<p>\u00cdslenski gjaldmi\u00f0ilinn kallast \u00cdslenska Kr\u00f3nan (ISK). Algengast er a\u00f0 f\u00f3lk borgi me\u00f0 kredit- e\u00f0a debitkortum. Ekki er teki\u00f0 vi\u00f0 American Express alls sta\u00f0ar.<\/p>\n","protected":false},"author":2,"featured_media":0,"parent":1223,"menu_order":2,"comment_status":"closed","ping_status":"closed","template":"","meta":{"_acf_changed":false,"footnotes":""},"class_list":["post-1238","page","type-page","status-publish","hentry"],"acf":[],"_links":{"self":[{"href":"https:\/\/goodtoknow.is\/is\/wp-json\/wp\/v2\/pages\/1238","targetHints":{"allow":["GET"]}}],"collection":[{"href":"https:\/\/goodtoknow.is\/is\/wp-json\/wp\/v2\/pages"}],"about":[{"href":"https:\/\/goodtoknow.is\/is\/wp-json\/wp\/v2\/types\/page"}],"author":[{"embeddable":true,"href":"https:\/\/goodtoknow.is\/is\/wp-json\/wp\/v2\/users\/2"}],"replies":[{"embeddable":true,"href":"https:\/\/goodtoknow.is\/is\/wp-json\/wp\/v2\/comments?post=1238"}],"version-history":[{"count":7,"href":"https:\/\/goodtoknow.is\/is\/wp-json\/wp\/v2\/pages\/1238\/revisions"}],"predecessor-version":[{"id":1480,"href":"https:\/\/goodtoknow.is\/is\/wp-json\/wp\/v2\/pages\/1238\/revisions\/1480"}],"up":[{"embeddable":true,"href":"https:\/\/goodtoknow.is\/is\/wp-json\/wp\/v2\/pages\/1223"}],"wp:attachment":[{"href":"https:\/\/goodtoknow.is\/is\/wp-json\/wp\/v2\/media?parent=1238"}],"curies":[{"name":"wp","href":"https:\/\/api.w.org\/{rel}","templated":true}]}}