{"id":1236,"date":"2022-06-01T14:59:00","date_gmt":"2022-06-01T14:59:00","guid":{"rendered":"https:\/\/goodtoknow.is\/thjodin\/ibuar\/"},"modified":"2025-05-27T10:07:10","modified_gmt":"2025-05-27T10:07:10","slug":"ibuar","status":"publish","type":"page","link":"https:\/\/goodtoknow.is\/is\/thjodin\/ibuar\/","title":{"rendered":"\u00cdb\u00faar"},"content":{"rendered":"\n<p>\u00c1 \u00cdslandi b\u00faa um 390.000 manns.<\/p>\n\n\n\n<p>Um 68.000 (17,5% \u00edb\u00faa) eru erlendir r\u00edkisborgarar.<\/p>\n\n\n\n<p>F\u00f3lk \u00e1 \u00cdslandi b\u00fdr vi\u00f0 strendur landsins. \u00c1 mi\u00f0h\u00e1lendinu er ekki f\u00f6st b\u00faseta. <\/p>\n\n\n\n<p>Flestir (um 65%) b\u00faa \u00e1 h\u00f6fu\u00f0borgarsv\u00e6\u00f0inu. H\u00f6fu\u00f0borg \u00cdslands er Reykjav\u00edk. <\/p>\n\n\n\n<p><\/p>\n","protected":false},"excerpt":{"rendered":"<p>\u00c1 \u00cdslandi b\u00faa um 390.000 manns. Um 68.000 (17,5% \u00edb\u00faa) eru erlendir r\u00edkisborgarar. F\u00f3lk \u00e1 \u00cdslandi b\u00fdr vi\u00f0 strendur landsins. \u00c1 mi\u00f0h\u00e1lendinu er ekki f\u00f6st b\u00faseta. Flestir (um 65%) b\u00faa \u00e1 h\u00f6fu\u00f0borgarsv\u00e6\u00f0inu. H\u00f6fu\u00f0borg \u00cdslands er Reykjav\u00edk.<\/p>\n","protected":false},"author":2,"featured_media":0,"parent":1223,"menu_order":1,"comment_status":"closed","ping_status":"closed","template":"","meta":{"_acf_changed":false,"footnotes":""},"class_list":["post-1236","page","type-page","status-publish","hentry"],"acf":[],"_links":{"self":[{"href":"https:\/\/goodtoknow.is\/is\/wp-json\/wp\/v2\/pages\/1236","targetHints":{"allow":["GET"]}}],"collection":[{"href":"https:\/\/goodtoknow.is\/is\/wp-json\/wp\/v2\/pages"}],"about":[{"href":"https:\/\/goodtoknow.is\/is\/wp-json\/wp\/v2\/types\/page"}],"author":[{"embeddable":true,"href":"https:\/\/goodtoknow.is\/is\/wp-json\/wp\/v2\/users\/2"}],"replies":[{"embeddable":true,"href":"https:\/\/goodtoknow.is\/is\/wp-json\/wp\/v2\/comments?post=1236"}],"version-history":[{"count":11,"href":"https:\/\/goodtoknow.is\/is\/wp-json\/wp\/v2\/pages\/1236\/revisions"}],"predecessor-version":[{"id":2053,"href":"https:\/\/goodtoknow.is\/is\/wp-json\/wp\/v2\/pages\/1236\/revisions\/2053"}],"up":[{"embeddable":true,"href":"https:\/\/goodtoknow.is\/is\/wp-json\/wp\/v2\/pages\/1223"}],"wp:attachment":[{"href":"https:\/\/goodtoknow.is\/is\/wp-json\/wp\/v2\/media?parent=1236"}],"curies":[{"name":"wp","href":"https:\/\/api.w.org\/{rel}","templated":true}]}}