{"id":1234,"date":"2022-08-12T10:26:13","date_gmt":"2022-08-12T10:26:13","guid":{"rendered":"https:\/\/goodtoknow.is\/thjodin\/vegabrefsaritanir\/"},"modified":"2023-11-28T09:05:52","modified_gmt":"2023-11-28T09:05:52","slug":"vegabrefsaritanir","status":"publish","type":"page","link":"https:\/\/goodtoknow.is\/is\/thjodin\/vegabrefsaritanir\/","title":{"rendered":"Vegabr\u00e9fs\u00e1ritanir"},"content":{"rendered":"\n<p>\u00cdsland er a\u00f0ili a\u00f0 Schengen-samstarfinu, sem tryggir frj\u00e1lsa f\u00f6r f\u00f3lks yfir landam\u00e6ri 26 a\u00f0ildarr\u00edkja og geta r\u00edkisborgarar \u00feeirra dvali\u00f0 \u00e1 \u00cdslandi \u00ed allt a\u00f0 90 daga \u00e1n \u00feess a\u00f0 s\u00e6kja um vegabr\u00e9fs\u00e1ritun. <\/p>\n\n<p>R\u00edkisborgarar utan Schengen \u00feurfa a\u00f0 framv\u00edsa gildu vegabr\u00e9fi (gilt \u00ed a.m.k. \u00ferj\u00e1 m\u00e1nu\u00f0i fr\u00e1 komudegi). <a href=\"https:\/\/island.is\/tharft-thu-vegabrefsaritun\" target=\"_blank\" rel=\"noreferrer noopener\">H\u00e9r<\/a> er h\u00e6gt a\u00f0 fletta \u00fev\u00ed upp hva\u00f0a r\u00edkisborgarar \u00feurfa a\u00f0 s\u00e6kja um vegabr\u00e9fs\u00e1ritun til \u00cdslands.<\/p>\n","protected":false},"excerpt":{"rendered":"<p>\u00cdsland er a\u00f0ili a\u00f0 Schengen-samstarfinu, sem tryggir frj\u00e1lsa f\u00f6r f\u00f3lks yfir landam\u00e6ri 26 a\u00f0ildarr\u00edkja og geta r\u00edkisborgarar \u00feeirra dvali\u00f0 \u00e1 \u00cdslandi \u00ed allt a\u00f0 90 daga \u00e1n \u00feess a\u00f0 s\u00e6kja um vegabr\u00e9fs\u00e1ritun. R\u00edkisborgarar utan Schengen \u00feurfa a\u00f0 framv\u00edsa gildu vegabr\u00e9fi (gilt \u00ed a.m.k. \u00ferj\u00e1 m\u00e1nu\u00f0i fr\u00e1 komudegi). H\u00e9r er h\u00e6gt a\u00f0 fletta \u00fev\u00ed upp hva\u00f0a [&hellip;]<\/p>\n","protected":false},"author":10,"featured_media":0,"parent":1223,"menu_order":0,"comment_status":"closed","ping_status":"closed","template":"","meta":{"_acf_changed":false,"footnotes":""},"class_list":["post-1234","page","type-page","status-publish","hentry"],"acf":[],"_links":{"self":[{"href":"https:\/\/goodtoknow.is\/is\/wp-json\/wp\/v2\/pages\/1234","targetHints":{"allow":["GET"]}}],"collection":[{"href":"https:\/\/goodtoknow.is\/is\/wp-json\/wp\/v2\/pages"}],"about":[{"href":"https:\/\/goodtoknow.is\/is\/wp-json\/wp\/v2\/types\/page"}],"author":[{"embeddable":true,"href":"https:\/\/goodtoknow.is\/is\/wp-json\/wp\/v2\/users\/10"}],"replies":[{"embeddable":true,"href":"https:\/\/goodtoknow.is\/is\/wp-json\/wp\/v2\/comments?post=1234"}],"version-history":[{"count":13,"href":"https:\/\/goodtoknow.is\/is\/wp-json\/wp\/v2\/pages\/1234\/revisions"}],"predecessor-version":[{"id":1720,"href":"https:\/\/goodtoknow.is\/is\/wp-json\/wp\/v2\/pages\/1234\/revisions\/1720"}],"up":[{"embeddable":true,"href":"https:\/\/goodtoknow.is\/is\/wp-json\/wp\/v2\/pages\/1223"}],"wp:attachment":[{"href":"https:\/\/goodtoknow.is\/is\/wp-json\/wp\/v2\/media?parent=1234"}],"curies":[{"name":"wp","href":"https:\/\/api.w.org\/{rel}","templated":true}]}}