{"id":1232,"date":"2022-06-06T11:08:00","date_gmt":"2022-06-06T11:08:00","guid":{"rendered":"https:\/\/goodtoknow.is\/thjodin\/stjornmal\/"},"modified":"2022-12-05T13:50:42","modified_gmt":"2022-12-05T13:50:42","slug":"stjornmal","status":"publish","type":"page","link":"https:\/\/goodtoknow.is\/is\/thjodin\/stjornmal\/","title":{"rendered":"Stj\u00f3rnm\u00e1l"},"content":{"rendered":"\n<p>\u00cdsland er l\u00fd\u00f0veldi og l\u00fd\u00f0r\u00e6\u00f0isr\u00edki.<\/p>\n\n<p>L\u00f6ggjafar\u00feing \u00cdslands kallast Al\u00feingi og er \u00ed mi\u00f0b\u00e6 Reykjav\u00edkur. Al\u00feingi er elsta starfandi \u00feing \u00ed heimi.<\/p>\n\n<p>Kosningar til Al\u00feingis fara fram \u00e1 fj\u00f6gurra \u00e1ra fresti.<\/p>\n","protected":false},"excerpt":{"rendered":"<p>\u00cdsland er l\u00fd\u00f0veldi og l\u00fd\u00f0r\u00e6\u00f0isr\u00edki. L\u00f6ggjafar\u00feing \u00cdslands kallast Al\u00feingi og er \u00ed mi\u00f0b\u00e6 Reykjav\u00edkur. Al\u00feingi er elsta starfandi \u00feing \u00ed heimi. Kosningar til Al\u00feingis fara fram \u00e1 fj\u00f6gurra \u00e1ra fresti.<\/p>\n","protected":false},"author":2,"featured_media":0,"parent":1223,"menu_order":0,"comment_status":"closed","ping_status":"closed","template":"","meta":{"_acf_changed":false,"footnotes":""},"class_list":["post-1232","page","type-page","status-publish","hentry"],"acf":[],"_links":{"self":[{"href":"https:\/\/goodtoknow.is\/is\/wp-json\/wp\/v2\/pages\/1232","targetHints":{"allow":["GET"]}}],"collection":[{"href":"https:\/\/goodtoknow.is\/is\/wp-json\/wp\/v2\/pages"}],"about":[{"href":"https:\/\/goodtoknow.is\/is\/wp-json\/wp\/v2\/types\/page"}],"author":[{"embeddable":true,"href":"https:\/\/goodtoknow.is\/is\/wp-json\/wp\/v2\/users\/2"}],"replies":[{"embeddable":true,"href":"https:\/\/goodtoknow.is\/is\/wp-json\/wp\/v2\/comments?post=1232"}],"version-history":[{"count":9,"href":"https:\/\/goodtoknow.is\/is\/wp-json\/wp\/v2\/pages\/1232\/revisions"}],"predecessor-version":[{"id":1474,"href":"https:\/\/goodtoknow.is\/is\/wp-json\/wp\/v2\/pages\/1232\/revisions\/1474"}],"up":[{"embeddable":true,"href":"https:\/\/goodtoknow.is\/is\/wp-json\/wp\/v2\/pages\/1223"}],"wp:attachment":[{"href":"https:\/\/goodtoknow.is\/is\/wp-json\/wp\/v2\/media?parent=1232"}],"curies":[{"name":"wp","href":"https:\/\/api.w.org\/{rel}","templated":true}]}}