{"id":1230,"date":"2022-06-02T15:08:00","date_gmt":"2022-06-02T15:08:00","guid":{"rendered":"https:\/\/goodtoknow.is\/thjodin\/tungumal\/"},"modified":"2023-11-28T09:04:57","modified_gmt":"2023-11-28T09:04:57","slug":"tungumal","status":"publish","type":"page","link":"https:\/\/goodtoknow.is\/is\/thjodin\/tungumal\/","title":{"rendered":"Tungum\u00e1l"},"content":{"rendered":"\n<p>Opinbera tungum\u00e1li\u00f0 \u00e1 \u00cdslandi er \u00edslenska.<\/p>\n\n<p>Flestir tala l\u00edka ensku. <\/p>\n\n<p>Margir tala d\u00f6nsku, norsku e\u00f0a s\u00e6nsku.<\/p>\n\n<p>\u00c1 <a href=\"https:\/\/haefni.is\/fraedsluefni\/fagordalisti-ferdathjonustunnar\/\" target=\"_blank\" rel=\"noreferrer noopener\">haefni.is<\/a> er h\u00e6gt a\u00f0 n\u00e1lgast Fagor\u00f0alista fer\u00f0a\u00fej\u00f3nustunnar sem er or\u00f0asafn algengra or\u00f0a og frasa sem nota\u00f0ir eru \u00ed fer\u00f0a\u00fej\u00f3nustu. Fagor\u00f0alistinn er \u00e1 \u00feremur tungum\u00e1lum: \u00cdslensku, ensku og p\u00f3lsku.<\/p>\n","protected":false},"excerpt":{"rendered":"<p>Opinbera tungum\u00e1li\u00f0 \u00e1 \u00cdslandi er \u00edslenska. Flestir tala l\u00edka ensku. Margir tala d\u00f6nsku, norsku e\u00f0a s\u00e6nsku. \u00c1 haefni.is er h\u00e6gt a\u00f0 n\u00e1lgast Fagor\u00f0alista fer\u00f0a\u00fej\u00f3nustunnar sem er or\u00f0asafn algengra or\u00f0a og frasa sem nota\u00f0ir eru \u00ed fer\u00f0a\u00fej\u00f3nustu. Fagor\u00f0alistinn er \u00e1 \u00feremur tungum\u00e1lum: \u00cdslensku, ensku og p\u00f3lsku.<\/p>\n","protected":false},"author":2,"featured_media":0,"parent":1223,"menu_order":0,"comment_status":"closed","ping_status":"closed","template":"","meta":{"_acf_changed":false,"footnotes":""},"class_list":["post-1230","page","type-page","status-publish","hentry"],"acf":[],"_links":{"self":[{"href":"https:\/\/goodtoknow.is\/is\/wp-json\/wp\/v2\/pages\/1230","targetHints":{"allow":["GET"]}}],"collection":[{"href":"https:\/\/goodtoknow.is\/is\/wp-json\/wp\/v2\/pages"}],"about":[{"href":"https:\/\/goodtoknow.is\/is\/wp-json\/wp\/v2\/types\/page"}],"author":[{"embeddable":true,"href":"https:\/\/goodtoknow.is\/is\/wp-json\/wp\/v2\/users\/2"}],"replies":[{"embeddable":true,"href":"https:\/\/goodtoknow.is\/is\/wp-json\/wp\/v2\/comments?post=1230"}],"version-history":[{"count":13,"href":"https:\/\/goodtoknow.is\/is\/wp-json\/wp\/v2\/pages\/1230\/revisions"}],"predecessor-version":[{"id":1718,"href":"https:\/\/goodtoknow.is\/is\/wp-json\/wp\/v2\/pages\/1230\/revisions\/1718"}],"up":[{"embeddable":true,"href":"https:\/\/goodtoknow.is\/is\/wp-json\/wp\/v2\/pages\/1223"}],"wp:attachment":[{"href":"https:\/\/goodtoknow.is\/is\/wp-json\/wp\/v2\/media?parent=1230"}],"curies":[{"name":"wp","href":"https:\/\/api.w.org\/{rel}","templated":true}]}}