{"id":1228,"date":"2022-06-04T15:03:00","date_gmt":"2022-06-04T15:03:00","guid":{"rendered":"https:\/\/goodtoknow.is\/thjodin\/vinnumarkadurinn\/"},"modified":"2023-03-28T15:12:54","modified_gmt":"2023-03-28T15:12:54","slug":"vinnumarkadurinn","status":"publish","type":"page","link":"https:\/\/goodtoknow.is\/is\/thjodin\/vinnumarkadurinn\/","title":{"rendered":"Vinnumarka\u00f0ur"},"content":{"rendered":"\n<p>Vinnuvika er a\u00f0 me\u00f0altali 40 klukkustundir, a\u00f0 me\u00f0t\u00f6ldum matar- og kaffit\u00edmum. N\u00e1nari uppl\u00fdsingar um r\u00e9ttindi launaf\u00f3lks er a\u00f0 finna \u00e1 <a href=\"https:\/\/work.iceland.is\/working\/workers-rights\/\" target=\"_blank\" rel=\"noreferrer noopener\">Work in Iceland<\/a> e\u00f0a vinnur\u00e9ttarvef <a href=\"https:\/\/www.asi.is\/vinnurettarvefur\/vinnurettur\/\" target=\"_blank\" rel=\"noreferrer noopener\">Al\u00fe\u00fd\u00f0usambands \u00cdslands<\/a>.<\/p>\n\n<p>Allir laun\u00feegar grei\u00f0a \u00ed l\u00edfeyrissj\u00f3\u00f0i. Jafnframt grei\u00f0a allir laun\u00feegar i\u00f0ngj\u00f6ld til st\u00e9ttarf\u00e9lags, sem einnig veitir \u00feeim \u00e1kve\u00f0in r\u00e9ttindi. Til d\u00e6mis veita m\u00f6rg st\u00e9ttarf\u00e9l\u00f6g fr\u00e6\u00f0slustyrki og bj\u00f3\u00f0a orlofsh\u00fas til \u00fatleigu. N\u00e1nari uppl\u00fdsingar um l\u00edfeyrissj\u00f3\u00f0i og st\u00e9ttarf\u00e9l\u00f6g m\u00e1 n\u00e1lgast <a href=\"https:\/\/mcc.is\/living-in-iceland\/employment\/pension-funds-and-unions\" target=\"_blank\" rel=\"noreferrer noopener\">h\u00e9r<\/a>.<\/p>\n","protected":false},"excerpt":{"rendered":"<p>Vinnuvika er a\u00f0 me\u00f0altali 40 klukkustundir, a\u00f0 me\u00f0t\u00f6ldum matar- og kaffit\u00edmum. N\u00e1nari uppl\u00fdsingar um r\u00e9ttindi launaf\u00f3lks er a\u00f0 finna \u00e1 Work in Iceland e\u00f0a vinnur\u00e9ttarvef Al\u00fe\u00fd\u00f0usambands \u00cdslands. Allir laun\u00feegar grei\u00f0a \u00ed l\u00edfeyrissj\u00f3\u00f0i. Jafnframt grei\u00f0a allir laun\u00feegar i\u00f0ngj\u00f6ld til st\u00e9ttarf\u00e9lags, sem einnig veitir \u00feeim \u00e1kve\u00f0in r\u00e9ttindi. Til d\u00e6mis veita m\u00f6rg st\u00e9ttarf\u00e9l\u00f6g fr\u00e6\u00f0slustyrki og bj\u00f3\u00f0a orlofsh\u00fas til [&hellip;]<\/p>\n","protected":false},"author":2,"featured_media":0,"parent":1223,"menu_order":0,"comment_status":"closed","ping_status":"closed","template":"","meta":{"_acf_changed":false,"footnotes":""},"class_list":["post-1228","page","type-page","status-publish","hentry"],"acf":[],"_links":{"self":[{"href":"https:\/\/goodtoknow.is\/is\/wp-json\/wp\/v2\/pages\/1228","targetHints":{"allow":["GET"]}}],"collection":[{"href":"https:\/\/goodtoknow.is\/is\/wp-json\/wp\/v2\/pages"}],"about":[{"href":"https:\/\/goodtoknow.is\/is\/wp-json\/wp\/v2\/types\/page"}],"author":[{"embeddable":true,"href":"https:\/\/goodtoknow.is\/is\/wp-json\/wp\/v2\/users\/2"}],"replies":[{"embeddable":true,"href":"https:\/\/goodtoknow.is\/is\/wp-json\/wp\/v2\/comments?post=1228"}],"version-history":[{"count":18,"href":"https:\/\/goodtoknow.is\/is\/wp-json\/wp\/v2\/pages\/1228\/revisions"}],"predecessor-version":[{"id":1666,"href":"https:\/\/goodtoknow.is\/is\/wp-json\/wp\/v2\/pages\/1228\/revisions\/1666"}],"up":[{"embeddable":true,"href":"https:\/\/goodtoknow.is\/is\/wp-json\/wp\/v2\/pages\/1223"}],"wp:attachment":[{"href":"https:\/\/goodtoknow.is\/is\/wp-json\/wp\/v2\/media?parent=1228"}],"curies":[{"name":"wp","href":"https:\/\/api.w.org\/{rel}","templated":true}]}}