{"id":1226,"date":"2022-09-28T16:43:09","date_gmt":"2022-09-28T16:43:09","guid":{"rendered":"https:\/\/goodtoknow.is\/thjodin\/matur\/"},"modified":"2023-11-27T11:10:49","modified_gmt":"2023-11-27T11:10:49","slug":"matur","status":"publish","type":"page","link":"https:\/\/goodtoknow.is\/is\/thjodin\/matur\/","title":{"rendered":"Matur"},"content":{"rendered":"\n<p>\u00cdsland er \u00feekkt fyrir h\u00e1g\u00e6\u00f0a sj\u00e1varr\u00e9tti, enda hefur fiskvei\u00f0i veri\u00f0 samofin \u00edslenskri menningu og s\u00f6gu um aldara\u00f0ir. <\/p>\n\n<p>Lambakj\u00f6t er einnig mikilv\u00e6gur hluti af \u00edslenskri matarmenningu.<\/p>\n\n<p>Gr\u00e6nkerum og vegan hefur fj\u00f6lga\u00f0 miki\u00f0 undanfarin \u00e1r. Me\u00f0 \u00fev\u00ed a\u00f0 n\u00fdta jar\u00f0varma er h\u00e6gt a\u00f0 r\u00e6kta \u00edslenskt gr\u00e6nmeti allan \u00e1rsins hring.<\/p>\n\n<p>Smelltu <a href=\"https:\/\/www.visiticeland.com\/article\/enjoy-icelandic-food\" target=\"_blank\" rel=\"noreferrer noopener\">h\u00e9r<\/a> til \u00feess a\u00f0 l\u00e6ra meira um \u00edslenskan mat.<\/p>\n\n<p>Smelltu <a href=\"https:\/\/www.visiticeland.com\/things-to-do\/?category=5ec7d096a90548233654d4bc&amp;page=0\" target=\"_blank\" rel=\"noreferrer noopener\">h\u00e9r<\/a> til \u00feess a\u00f0 finna veitingasta\u00f0i \u00e1 \u00cdslandi.<\/p>\n","protected":false},"excerpt":{"rendered":"<p>\u00cdsland er \u00feekkt fyrir h\u00e1g\u00e6\u00f0a sj\u00e1varr\u00e9tti, enda hefur fiskvei\u00f0i veri\u00f0 samofin \u00edslenskri menningu og s\u00f6gu um aldara\u00f0ir. Lambakj\u00f6t er einnig mikilv\u00e6gur hluti af \u00edslenskri matarmenningu. Gr\u00e6nkerum og vegan hefur fj\u00f6lga\u00f0 miki\u00f0 undanfarin \u00e1r. Me\u00f0 \u00fev\u00ed a\u00f0 n\u00fdta jar\u00f0varma er h\u00e6gt a\u00f0 r\u00e6kta \u00edslenskt gr\u00e6nmeti allan \u00e1rsins hring. Smelltu h\u00e9r til \u00feess a\u00f0 l\u00e6ra meira um [&hellip;]<\/p>\n","protected":false},"author":10,"featured_media":0,"parent":1223,"menu_order":0,"comment_status":"closed","ping_status":"closed","template":"","meta":{"_acf_changed":false,"footnotes":""},"class_list":["post-1226","page","type-page","status-publish","hentry"],"acf":[],"_links":{"self":[{"href":"https:\/\/goodtoknow.is\/is\/wp-json\/wp\/v2\/pages\/1226","targetHints":{"allow":["GET"]}}],"collection":[{"href":"https:\/\/goodtoknow.is\/is\/wp-json\/wp\/v2\/pages"}],"about":[{"href":"https:\/\/goodtoknow.is\/is\/wp-json\/wp\/v2\/types\/page"}],"author":[{"embeddable":true,"href":"https:\/\/goodtoknow.is\/is\/wp-json\/wp\/v2\/users\/10"}],"replies":[{"embeddable":true,"href":"https:\/\/goodtoknow.is\/is\/wp-json\/wp\/v2\/comments?post=1226"}],"version-history":[{"count":15,"href":"https:\/\/goodtoknow.is\/is\/wp-json\/wp\/v2\/pages\/1226\/revisions"}],"predecessor-version":[{"id":1711,"href":"https:\/\/goodtoknow.is\/is\/wp-json\/wp\/v2\/pages\/1226\/revisions\/1711"}],"up":[{"embeddable":true,"href":"https:\/\/goodtoknow.is\/is\/wp-json\/wp\/v2\/pages\/1223"}],"wp:attachment":[{"href":"https:\/\/goodtoknow.is\/is\/wp-json\/wp\/v2\/media?parent=1226"}],"curies":[{"name":"wp","href":"https:\/\/api.w.org\/{rel}","templated":true}]}}