{"id":1223,"date":"2022-06-15T14:28:24","date_gmt":"2022-06-15T14:28:24","guid":{"rendered":"https:\/\/goodtoknow.is\/thjodin\/"},"modified":"2026-02-17T13:55:55","modified_gmt":"2026-02-17T13:55:55","slug":"thjodin","status":"publish","type":"page","link":"https:\/\/goodtoknow.is\/is\/thjodin\/","title":{"rendered":"\u00dej\u00f3\u00f0"},"content":{"rendered":"<div class='tabs tabs__folder wow fadeInUp'>\n                    <div class='tabs__container'> <div class='titles'> <div data-id='id_1236' class='active title' data-color='#83A384'><h2>\u00cdb\u00faar<\/h2><\/div> <div data-id='id_1240' class='title' data-color='#E69E8E'><h2>Efnahagur<\/h2><\/div> <div data-id='id_1238' class='title' data-color='#FFE6B7'><h2>Gjaldmi\u00f0ill<\/h2><\/div> <div data-id='id_1242' class='title' data-color='#88B1CB'><h2>Fr\u00eddagar<\/h2><\/div> <div data-id='id_1226' class='title' data-color='#B8C9D6'><h2>Matur<\/h2><\/div> <div data-id='id_1232' class='title' data-color='#B8C9D6'><h2>Stj\u00f3rnm\u00e1l<\/h2><\/div> <div data-id='id_1230' class='title' data-color='#83A384'><h2>Tungum\u00e1l<\/h2><\/div> <div data-id='id_1234' class='title' data-color='#E1D3E7'><h2>Vegabr\u00e9fs\u00e1ritanir<\/h2><\/div> <div data-id='id_1228' class='title' data-color='#DFE0B0'><h2>Vinnumarka\u00f0ur<\/h2><\/div> <\/div> <div class='content'>\n                        <div class='content__container'> <div id='id_1236' class='active content__tab'>\n<p>\u00c1 \u00cdslandi b\u00faa um 390.000 manns.<\/p>\n\n\n\n<p>Um 68.000 (17,5% \u00edb\u00faa) eru erlendir r\u00edkisborgarar.<\/p>\n\n\n\n<p>F\u00f3lk \u00e1 \u00cdslandi b\u00fdr vi\u00f0 strendur landsins. \u00c1 mi\u00f0h\u00e1lendinu er ekki f\u00f6st b\u00faseta. <\/p>\n\n\n\n<p>Flestir (um 65%) b\u00faa \u00e1 h\u00f6fu\u00f0borgarsv\u00e6\u00f0inu. H\u00f6fu\u00f0borg \u00cdslands er Reykjav\u00edk. <\/p>\n\n\n\n<p><\/p>\n<\/div>      <\/div>\n                        <\/div> <div class='inactive-content'> <div id='id_1236' class='content__tab'>\n<p>\u00c1 \u00cdslandi b\u00faa um 390.000 manns.<\/p>\n\n\n\n<p>Um 68.000 (17,5% \u00edb\u00faa) eru erlendir r\u00edkisborgarar.<\/p>\n\n\n\n<p>F\u00f3lk \u00e1 \u00cdslandi b\u00fdr vi\u00f0 strendur landsins. \u00c1 mi\u00f0h\u00e1lendinu er ekki f\u00f6st b\u00faseta. <\/p>\n\n\n\n<p>Flestir (um 65%) b\u00faa \u00e1 h\u00f6fu\u00f0borgarsv\u00e6\u00f0inu. H\u00f6fu\u00f0borg \u00cdslands er Reykjav\u00edk. <\/p>\n\n\n\n<p><\/p>\n<\/div> <div id='id_1240' class='content__tab'>\n<p>\u00cdslenska efnahagskerfi\u00f0 byggir \u00e1 \u00feremur sto\u00f0um: <\/p>\n\n<ul class=\"wp-block-list\"><li>tekjum af erlendum fer\u00f0am\u00f6nnum (fer\u00f0a\u00fej\u00f3nustu)<\/li><li>\u00fatflutningi sj\u00e1varafur\u00f0a<\/li><li>\u00fatflutningi i\u00f0na\u00f0arvara (fyrst og fremst \u00e1l og \u00e1l-afur\u00f0a)<\/li><\/ul>\n<\/div> <div id='id_1238' class='content__tab'>\n<p>\u00cdslenski gjaldmi\u00f0ilinn kallast \u00cdslenska Kr\u00f3nan (ISK).<\/p>\n\n<p>Algengast er a\u00f0 f\u00f3lk borgi me\u00f0 kredit- e\u00f0a debitkortum. Ekki er teki\u00f0 vi\u00f0 American Express alls sta\u00f0ar.<\/p>\n\n<div class=\"wp-block-buttons is-layout-flex wp-block-buttons-is-layout-flex\"><\/div>\n<\/div> <div id='id_1242' class='content__tab'>\n<p>Fr\u00eddagar \u00e1 \u00cdslandi eru 16 talsins. <\/p>\n\n<div class=\"wp-block-columns is-layout-flex wp-container-core-columns-is-layout-9d6595d7 wp-block-columns-is-layout-flex\">\n<div class=\"wp-block-column is-layout-flow wp-block-column-is-layout-flow\">\n<ul class=\"wp-block-list\">\n<li>N\u00fd\u00e1rsdagur (1. jan\u00faar)<\/li>\n\n\n\n<li>Sk\u00edrdagur<\/li>\n\n\n\n<li>F\u00f6studagurinn langi<\/li>\n\n\n\n<li>P\u00e1skadagur<\/li>\n\n\n\n<li>Annar \u00ed p\u00e1skum<\/li>\n\n\n\n<li>Uppstigningardagur (40 d\u00f6gum eftir p\u00e1ska)\u200b<\/li>\n\n\n\n<li>Hv\u00edtasunnudagur (50 d\u00f6gum eftir p\u00e1ska)\u200b<\/li>\n\n\n\n<li>Annar \u00ed Hv\u00edtasunnu<\/li>\n<\/ul>\n<\/div>\n\n\n\n<div class=\"wp-block-column is-layout-flow wp-block-column-is-layout-flow\">\n<ul class=\"wp-block-list\">\n<li>Sumardagurinn fyrsti (\u00feri\u00f0ji fimmtudagurinn \u00ed apr\u00edl)\u200b<\/li>\n\n\n\n<li>Bar\u00e1ttudagur verkal\u00fd\u00f0sins (1. ma\u00ed)<\/li>\n\n\n\n<li>\u00dej\u00f3\u00f0h\u00e1t\u00ed\u00f0ardagur \u00cdslendinga (17. j\u00fan\u00ed)<\/li>\n\n\n\n<li>Fr\u00eddagur verzlunarmanna (fyrsti m\u00e1nudagurinn \u00ed \u00e1g\u00fast)<\/li>\n\n\n\n<li>A\u00f0fangadagur j\u00f3la (24. desember) eftir kl. 12:00<\/li>\n\n\n\n<li>J\u00f3ladagur (25. desember)<\/li>\n\n\n\n<li>Annar \u00ed j\u00f3lum (26. desember)<\/li>\n\n\n\n<li>Gaml\u00e1rsdagur (31. desember) eftir kl. 12:00 <\/li>\n<\/ul>\n<\/div>\n<\/div>\n\n<p>Smelltu <a href=\"https:\/\/www.landneminn.is\/is\/namsefni-fyrir-innflytjendur\/saga-landafraedi-og-lifsstill\/nattura-og-landafraedi-islands\" target=\"_blank\" rel=\"noreferrer noopener\">h\u00e9r<\/a> til a\u00f0 n\u00e1lgast uppl\u00fdsingar um a\u00f0rar h\u00e1t\u00ed\u00f0ir og hef\u00f0ir \u00e1 \u00cdslandi.  <\/p>\n\n<p><\/p>\n<\/div> <div id='id_1226' class='content__tab'>\n<p>\u00cdsland er \u00feekkt fyrir h\u00e1g\u00e6\u00f0a sj\u00e1varr\u00e9tti, enda hefur fiskvei\u00f0i veri\u00f0 samofin \u00edslenskri menningu og s\u00f6gu um aldara\u00f0ir. <\/p>\n\n<p>Lambakj\u00f6t er einnig mikilv\u00e6gur hluti af \u00edslenskri matarmenningu.<\/p>\n\n<p>Gr\u00e6nkerum og vegan hefur fj\u00f6lga\u00f0 miki\u00f0 undanfarin \u00e1r. Me\u00f0 \u00fev\u00ed a\u00f0 n\u00fdta jar\u00f0varma er h\u00e6gt a\u00f0 r\u00e6kta \u00edslenskt gr\u00e6nmeti allan \u00e1rsins hring.<\/p>\n\n<p>Smelltu <a href=\"https:\/\/www.visiticeland.com\/article\/enjoy-icelandic-food\" target=\"_blank\" rel=\"noreferrer noopener\">h\u00e9r<\/a> til \u00feess a\u00f0 l\u00e6ra meira um \u00edslenskan mat.<\/p>\n\n<p>Smelltu <a href=\"https:\/\/www.visiticeland.com\/things-to-do\/?category=5ec7d096a90548233654d4bc&amp;page=0\" target=\"_blank\" rel=\"noreferrer noopener\">h\u00e9r<\/a> til \u00feess a\u00f0 finna veitingasta\u00f0i \u00e1 \u00cdslandi.<\/p>\n<\/div> <div id='id_1232' class='content__tab'>\n<p>\u00cdsland er l\u00fd\u00f0veldi og l\u00fd\u00f0r\u00e6\u00f0isr\u00edki.<\/p>\n\n<p>L\u00f6ggjafar\u00feing \u00cdslands kallast Al\u00feingi og er \u00ed mi\u00f0b\u00e6 Reykjav\u00edkur. Al\u00feingi er elsta starfandi \u00feing \u00ed heimi.<\/p>\n\n<p>Kosningar til Al\u00feingis fara fram \u00e1 fj\u00f6gurra \u00e1ra fresti.<\/p>\n<\/div> <div id='id_1230' class='content__tab'>\n<p>Opinbera tungum\u00e1li\u00f0 \u00e1 \u00cdslandi er \u00edslenska.<\/p>\n\n<p>Flestir tala l\u00edka ensku. <\/p>\n\n<p>Margir tala d\u00f6nsku, norsku e\u00f0a s\u00e6nsku.<\/p>\n\n<p>\u00c1 <a href=\"https:\/\/haefni.is\/fraedsluefni\/fagordalisti-ferdathjonustunnar\/\" target=\"_blank\" rel=\"noreferrer noopener\">haefni.is<\/a> er h\u00e6gt a\u00f0 n\u00e1lgast Fagor\u00f0alista fer\u00f0a\u00fej\u00f3nustunnar sem er or\u00f0asafn algengra or\u00f0a og frasa sem nota\u00f0ir eru \u00ed fer\u00f0a\u00fej\u00f3nustu. Fagor\u00f0alistinn er \u00e1 \u00feremur tungum\u00e1lum: \u00cdslensku, ensku og p\u00f3lsku.<\/p>\n<\/div> <div id='id_1234' class='content__tab'>\n<p>\u00cdsland er a\u00f0ili a\u00f0 Schengen-samstarfinu, sem tryggir frj\u00e1lsa f\u00f6r f\u00f3lks yfir landam\u00e6ri 26 a\u00f0ildarr\u00edkja og geta r\u00edkisborgarar \u00feeirra dvali\u00f0 \u00e1 \u00cdslandi \u00ed allt a\u00f0 90 daga \u00e1n \u00feess a\u00f0 s\u00e6kja um vegabr\u00e9fs\u00e1ritun. <\/p>\n\n<p>R\u00edkisborgarar utan Schengen \u00feurfa a\u00f0 framv\u00edsa gildu vegabr\u00e9fi (gilt \u00ed a.m.k. \u00ferj\u00e1 m\u00e1nu\u00f0i fr\u00e1 komudegi). <a href=\"https:\/\/island.is\/tharft-thu-vegabrefsaritun\" target=\"_blank\" rel=\"noreferrer noopener\">H\u00e9r<\/a> er h\u00e6gt a\u00f0 fletta \u00fev\u00ed upp hva\u00f0a r\u00edkisborgarar \u00feurfa a\u00f0 s\u00e6kja um vegabr\u00e9fs\u00e1ritun til \u00cdslands.<\/p>\n<\/div> <div id='id_1228' class='content__tab'>\n<p>Vinnuvika er a\u00f0 me\u00f0altali 40 klukkustundir, a\u00f0 me\u00f0t\u00f6ldum matar- og kaffit\u00edmum. N\u00e1nari uppl\u00fdsingar um r\u00e9ttindi launaf\u00f3lks er a\u00f0 finna \u00e1 <a href=\"https:\/\/work.iceland.is\/working\/workers-rights\/\" target=\"_blank\" rel=\"noreferrer noopener\">Work in Iceland<\/a> e\u00f0a vinnur\u00e9ttarvef <a href=\"https:\/\/www.asi.is\/vinnurettarvefur\/vinnurettur\/\" target=\"_blank\" rel=\"noreferrer noopener\">Al\u00fe\u00fd\u00f0usambands \u00cdslands<\/a>.<\/p>\n\n<p>Allir laun\u00feegar grei\u00f0a \u00ed l\u00edfeyrissj\u00f3\u00f0i. Jafnframt grei\u00f0a allir laun\u00feegar i\u00f0ngj\u00f6ld til st\u00e9ttarf\u00e9lags, sem einnig veitir \u00feeim \u00e1kve\u00f0in r\u00e9ttindi. Til d\u00e6mis veita m\u00f6rg st\u00e9ttarf\u00e9l\u00f6g fr\u00e6\u00f0slustyrki og bj\u00f3\u00f0a orlofsh\u00fas til \u00fatleigu. N\u00e1nari uppl\u00fdsingar um l\u00edfeyrissj\u00f3\u00f0i og st\u00e9ttarf\u00e9l\u00f6g m\u00e1 n\u00e1lgast <a href=\"https:\/\/mcc.is\/living-in-iceland\/employment\/pension-funds-and-unions\" target=\"_blank\" rel=\"noreferrer noopener\">h\u00e9r<\/a>.<\/p>\n<\/div> <\/div>     <\/div>\n                    <\/div> <style>\n                            .tabs.tabs__folder .titles .title:nth-child(1) h2::after { background-color: #83A384;}\n                        <\/style> <style>\n                                .tabs .tabs__container::after { background-color: #83A384;}\n                            <\/style> <style>\n                            .tabs.tabs__folder .titles .title:nth-child(2) h2::after { background-color: #E69E8E;}\n                        <\/style> <style>\n                            .tabs.tabs__folder .titles .title:nth-child(3) h2::after { background-color: #FFE6B7;}\n                        <\/style> <style>\n                            .tabs.tabs__folder .titles .title:nth-child(4) h2::after { background-color: #88B1CB;}\n                        <\/style> <style>\n                            .tabs.tabs__folder .titles .title:nth-child(5) h2::after { background-color: #B8C9D6;}\n                        <\/style> <style>\n                            .tabs.tabs__folder .titles .title:nth-child(6) h2::after { background-color: #B8C9D6;}\n                        <\/style> <style>\n                            .tabs.tabs__folder .titles .title:nth-child(7) h2::after { background-color: #83A384;}\n                        <\/style> <style>\n                            .tabs.tabs__folder .titles .title:nth-child(8) h2::after { background-color: #E1D3E7;}\n                        <\/style> <style>\n                            .tabs.tabs__folder .titles .title:nth-child(9) h2::after { background-color: #DFE0B0;}\n                        <\/style>\n","protected":false},"excerpt":{"rendered":"","protected":false},"author":2,"featured_media":0,"parent":0,"menu_order":0,"comment_status":"closed","ping_status":"closed","template":"","meta":{"_acf_changed":false,"footnotes":""},"class_list":["post-1223","page","type-page","status-publish","hentry"],"acf":[],"_links":{"self":[{"href":"https:\/\/goodtoknow.is\/is\/wp-json\/wp\/v2\/pages\/1223","targetHints":{"allow":["GET"]}}],"collection":[{"href":"https:\/\/goodtoknow.is\/is\/wp-json\/wp\/v2\/pages"}],"about":[{"href":"https:\/\/goodtoknow.is\/is\/wp-json\/wp\/v2\/types\/page"}],"author":[{"embeddable":true,"href":"https:\/\/goodtoknow.is\/is\/wp-json\/wp\/v2\/users\/2"}],"replies":[{"embeddable":true,"href":"https:\/\/goodtoknow.is\/is\/wp-json\/wp\/v2\/comments?post=1223"}],"version-history":[{"count":17,"href":"https:\/\/goodtoknow.is\/is\/wp-json\/wp\/v2\/pages\/1223\/revisions"}],"predecessor-version":[{"id":2133,"href":"https:\/\/goodtoknow.is\/is\/wp-json\/wp\/v2\/pages\/1223\/revisions\/2133"}],"wp:attachment":[{"href":"https:\/\/goodtoknow.is\/is\/wp-json\/wp\/v2\/media?parent=1223"}],"curies":[{"name":"wp","href":"https:\/\/api.w.org\/{rel}","templated":true}]}}