{"id":1211,"date":"2022-09-26T16:38:57","date_gmt":"2022-09-26T16:38:57","guid":{"rendered":"https:\/\/goodtoknow.is\/gagnlegir-tenglar\/"},"modified":"2025-05-27T11:29:48","modified_gmt":"2025-05-27T11:29:48","slug":"gagnlegir-tenglar","status":"publish","type":"page","link":"https:\/\/goodtoknow.is\/is\/gagnlegir-tenglar\/","title":{"rendered":"Gagnlegir tenglar"},"content":{"rendered":"\n<h2 class=\"wp-block-heading\">Fer\u00f0a\u00fej\u00f3nusta<\/h2>\n\n\n\n<p>Ertu a\u00f0 leita a\u00f0 uppl\u00fdsingum um \u00fej\u00f3nustu (gistingu, s\u00f6fn, fer\u00f0ir og af\u00fereyingu, samg\u00f6ngur, veitingasta\u00f0i o.s.frv.) og hvar hana er a\u00f0 finna?<\/p>\n\n\n\n<div class=\"wp-block-group postit-container wow fadeInUp\"><div class=\"wp-block-group__inner-container is-layout-flow wp-block-group-is-layout-flow\">\n<div class=\"wp-block-group postit\"><div class=\"wp-block-group__inner-container is-layout-flow wp-block-group-is-layout-flow\">\n<div class=\"wp-block-columns postit__container is-layout-flex wp-container-core-columns-is-layout-9d6595d7 wp-block-columns-is-layout-flex\">\n<div class=\"wp-block-column postit__single is-layout-flow wp-block-column-is-layout-flow\">\n<h5 class=\"wp-block-heading\"><strong>Fer\u00f0a\u00fej\u00f3nusta um land allt<\/strong><\/h5>\n\n\n\n<p class=\"has-text-align-center\"><a rel=\"noreferrer noopener\" href=\"https:\/\/www.visiticeland.com\/\" target=\"_blank\">visiticeland.com<\/a><\/p>\n\n\n\n<p class=\"has-text-align-center\"><a href=\"https:\/\/www.ferdalag.is\" target=\"_blank\" rel=\"noreferrer noopener\">ferdalag.is<\/a><\/p>\n\n\n\n<p class=\"has-text-align-center\"><a href=\"http:\/\/www.publictransport.is\/\" target=\"_blank\" rel=\"noreferrer noopener\">publictransport.is<\/a><\/p>\n\n\n\n<p class=\"has-text-align-center\"><a rel=\"noreferrer noopener\" href=\"https:\/\/www.dineout.is\/is?lng=en\" target=\"_blank\">dineout.is<\/a><\/p>\n<\/div>\n\n\n\n<div class=\"wp-block-column postit__single is-layout-flow wp-block-column-is-layout-flow\">\n<h5 class=\"wp-block-heading\"><strong>Fer\u00f0a\u00fej\u00f3nusta \u00ed landshlutunum<\/strong><\/h5>\n\n\n\n<p class=\"has-text-align-center\"><a rel=\"noreferrer noopener\" href=\"https:\/\/www.west.is\/is\" target=\"_blank\">west.is<\/a><\/p>\n\n\n\n<p class=\"has-text-align-center\"><a href=\"https:\/\/www.westfjords.is\/is\" target=\"_blank\" rel=\"noreferrer noopener\">westfjords.is<\/a><\/p>\n\n\n\n<p class=\"has-text-align-center\"><a href=\"https:\/\/www.northiceland.is\/is\" target=\"_blank\" rel=\"noreferrer noopener\">northiceland.is<\/a><\/p>\n\n\n\n<p class=\"has-text-align-center\"><a href=\"https:\/\/www.east.is\/is\" target=\"_blank\" rel=\"noreferrer noopener\">east.is<\/a><\/p>\n\n\n\n<p class=\"has-text-align-center\"><a href=\"https:\/\/www.south.is\/is\" target=\"_blank\" rel=\"noreferrer noopener\">south.is<\/a><\/p>\n\n\n\n<p class=\"has-text-align-center\"><a href=\"https:\/\/www.visitreykjanes.is\/is\" target=\"_blank\" rel=\"noreferrer noopener\">visitreykjanes.is<\/a><\/p>\n\n\n\n<p class=\"has-text-align-center\"><a rel=\"noreferrer noopener\" href=\"https:\/\/visitreykjavik.is\/\" target=\"_blank\">visitreykjavik.is<\/a><\/p>\n<\/div>\n\n\n\n<div class=\"wp-block-column postit__single is-layout-flow wp-block-column-is-layout-flow\">\n<h5 class=\"wp-block-heading\"><strong>Ertu a\u00f0 leita a\u00f0 s\u00edman\u00fameri e\u00f0a heimilisfangi?<\/strong><\/h5>\n\n\n\n<p class=\"has-text-align-center\"><a rel=\"noreferrer noopener\" href=\"https:\/\/ja.is\/\" target=\"_blank\">ja.is<\/a><\/p>\n<\/div>\n<\/div>\n<\/div><\/div>\n<\/div><\/div>\n\n\n\n<h2 class=\"wp-block-heading\">Ve\u00f0ur og \u00f6ryggi<\/h2>\n\n\n\n<p class=\"has-text-align-center\">Ertu a\u00f0 leita a\u00f0 uppl\u00fdsingum um ve\u00f0ri\u00f0, ve\u00f0urvi\u00f0varanir og f\u00e6r\u00f0 \u00e1 vegum?<\/p>\n\n\n\n<div class=\"wp-block-group postit-container wow fadeInUp\"><div class=\"wp-block-group__inner-container is-layout-flow wp-block-group-is-layout-flow\">\n<div class=\"wp-block-group postit\"><div class=\"wp-block-group__inner-container is-layout-flow wp-block-group-is-layout-flow\">\n<div class=\"wp-block-columns postit__container is-layout-flex wp-container-core-columns-is-layout-9d6595d7 wp-block-columns-is-layout-flex\">\n<div class=\"wp-block-column postit__single is-layout-flow wp-block-column-is-layout-flow\">\n<h5 class=\"wp-block-heading\"><strong>Safetravel<\/strong><\/h5>\n\n\n\n<p class=\"has-text-align-center\"><a rel=\"noreferrer noopener\" href=\"https:\/\/safetravel.is\/\" target=\"_blank\">safetravel.is<\/a><\/p>\n<\/div>\n\n\n\n<div class=\"wp-block-column postit__single is-layout-flow wp-block-column-is-layout-flow\">\n<h5 class=\"wp-block-heading\"><strong>Ve\u00f0ur<\/strong><\/h5>\n\n\n\n<p class=\"has-text-align-center\"><a href=\"https:\/\/vedur.is\/\" target=\"_blank\" rel=\"noreferrer noopener\">vedur.is<\/a><\/p>\n<\/div>\n\n\n\n<div class=\"wp-block-column postit__single is-layout-flow wp-block-column-is-layout-flow\">\n<h5 class=\"wp-block-heading\"><strong>F\u00e6r\u00f0 \u00e1 vegum<\/strong><\/h5>\n\n\n\n<p class=\"has-text-align-center\"><a href=\"https:\/\/umferdin.is\" target=\"_blank\" rel=\"noreferrer noopener\">umferdin.is<\/a><\/p>\n<\/div>\n<\/div>\n<\/div><\/div>\n<\/div><\/div>\n\n\n\n<h2 class=\"wp-block-heading\">A\u00f0 b\u00faa og vinna \u00e1 \u00cdslandi<\/h2>\n\n\n\n<p class=\"has-text-align-center\">Ertu a\u00f0 leita a\u00f0 uppl\u00fdsingum um b\u00fasetu og atvinnu \u00e1 \u00cdslandi?<\/p>\n\n\n\n<div class=\"wp-block-group postit-container wow fadeInUp\"><div class=\"wp-block-group__inner-container is-layout-flow wp-block-group-is-layout-flow\">\n<div class=\"wp-block-group postit\"><div class=\"wp-block-group__inner-container is-layout-flow wp-block-group-is-layout-flow\">\n<div class=\"wp-block-columns postit__container is-layout-flex wp-container-core-columns-is-layout-9d6595d7 wp-block-columns-is-layout-flex\">\n<div class=\"wp-block-column postit__single is-layout-flow wp-block-column-is-layout-flow\">\n<h5 class=\"wp-block-heading\"><strong>Gagnlegar uppl\u00fdsingar fyrir innflytjendur \u00e1 \u00cdslandi<\/strong><\/h5>\n\n\n\n<p class=\"has-text-align-center\"><a href=\"https:\/\/island.is\/en\/o\/directorate-of-labour\/new-in-iceland\">Vinnum\u00e1lastofnun<\/a><\/p>\n\n\n\n<p class=\"has-text-align-center\"><a rel=\"noreferrer noopener\" href=\"https:\/\/www.landneminn.is\" target=\"_blank\">Landneminn, fr\u00e6\u00f0sluefni fyrir innflytjendur<\/a><\/p>\n<\/div>\n\n\n\n<div class=\"wp-block-column postit__single is-layout-flow wp-block-column-is-layout-flow\">\n<h5 class=\"wp-block-heading\"><strong>Almennt um \u00edslenskan vinnumarka\u00f0<\/strong><\/h5>\n\n\n\n<p class=\"has-text-align-center\"><a rel=\"noreferrer noopener\" href=\"https:\/\/www.asi.is\/vinnurettarvefur\" target=\"_blank\">Al\u00fe\u00fd\u00f0usamband \u00cdslands: Vinnur\u00e9ttur <\/a><\/p>\n\n\n\n<p class=\"has-text-align-center\"><a rel=\"noreferrer noopener\" href=\"https:\/\/work.iceland.is\/working\/workers-rights\/\" target=\"_blank\">Work in Iceland<\/a><\/p>\n<\/div>\n\n\n\n<div class=\"wp-block-column postit__single is-layout-flow wp-block-column-is-layout-flow\">\n<h5 class=\"wp-block-heading\"><strong>Fr\u00e6\u00f0sla, \u00fej\u00e1lfun og starfs\u00fer\u00f3un<\/strong><\/h5>\n\n\n\n<p class=\"has-text-align-center\"><a href=\"https:\/\/haefni.is\/fraedsluefni\/nylidathjalfun\/\" target=\"_blank\" rel=\"noreferrer noopener\">Fr\u00e6\u00f0sluefni fyrir n\u00fdtt starfsf\u00f3lk \u00ed fer\u00f0a\u00fej\u00f3nustu<\/a><\/p>\n\n\n\n<p class=\"has-text-align-center\"><a rel=\"noreferrer noopener\" href=\"https:\/\/haefni.is\/fraedslutorg\/fraedslugatt\/\" target=\"_blank\">N\u00e1mskei\u00f0 fyrir starfsf\u00f3lk \u00ed fer\u00f0a\u00fej\u00f3nustu<\/a><\/p>\n\n\n\n<p class=\"has-text-align-center\"><a rel=\"noreferrer noopener\" href=\"https:\/\/haefni.is\/haefnisetrid\/verkfaerakista\/fagordalisti-ferdathjonustunnar\/\" target=\"_blank\">Fagor\u00f0alisti fer\u00f0a\u00fej\u00f3nustunnar: Algeng or\u00f0 sem notu\u00f0 eru \u00ed fer\u00f0a\u00fej\u00f3nustu<\/a><\/p>\n\n\n\n<p class=\"has-text-align-center\"><a href=\"https:\/\/naestaskref.is\" target=\"_blank\" rel=\"noreferrer noopener\">N\u00e6sta skref: Uppl\u00fdsingar um st\u00f6rf og n\u00e1mslei\u00f0ir<\/a><\/p>\n<\/div>\n<\/div>\n<\/div><\/div>\n<\/div><\/div>\n\n\n\n<h2 class=\"wp-block-heading\">Um fer\u00f0a\u00fej\u00f3nustu \u00e1 \u00cdslandi<\/h2>\n\n\n\n<div class=\"wp-block-group postit-container wow fadeInUp\"><div class=\"wp-block-group__inner-container is-layout-flow wp-block-group-is-layout-flow\">\n<div class=\"wp-block-group postit\"><div class=\"wp-block-group__inner-container is-layout-flow wp-block-group-is-layout-flow\">\n<div class=\"wp-block-columns postit__container is-layout-flex wp-container-core-columns-is-layout-9d6595d7 wp-block-columns-is-layout-flex\">\n<div class=\"wp-block-column postit__single is-layout-flow wp-block-column-is-layout-flow\">\n<h5 class=\"wp-block-heading\"><strong>T\u00f6lfr\u00e6\u00f0i um fer\u00f0a\u00fej\u00f3nustu<\/strong><\/h5>\n\n\n\n<p class=\"has-text-align-center\"><a rel=\"noreferrer noopener\" href=\"https:\/\/www.ferdamalastofa.is\/is\/gogn\/fjoldi-ferdamanna\/heildarfjoldi-erlendra-ferdamanna\" target=\"_blank\">Fj\u00f6ldi erlendra fer\u00f0amanna<\/a><\/p>\n\n\n\n<p class=\"has-text-align-center\"><a href=\"https:\/\/www.ferdamalastofa.is\/is\/gogn\/ferdtjonusta-i-tolum\" target=\"_blank\" rel=\"noreferrer noopener\">Fer\u00f0a\u00fej\u00f3nusta \u00ed t\u00f6lum<\/a><\/p>\n\n\n\n<p class=\"has-text-align-center\"><a rel=\"noreferrer noopener\" href=\"https:\/\/www.maelabordferdathjonustunnar.is\" target=\"_blank\">M\u00e6labor\u00f0 fer\u00f0a\u00fej\u00f3nustunnar<\/a><\/p>\n<\/div>\n\n\n\n<div class=\"wp-block-column postit__single is-layout-flow wp-block-column-is-layout-flow\">\n<h5 class=\"wp-block-heading\"><strong>Sto\u00f0kerfi fer\u00f0a\u00fej\u00f3nustunnar<\/strong><\/h5>\n\n\n\n<div class=\"wp-block-group\"><div class=\"wp-block-group__inner-container is-layout-flow wp-block-group-is-layout-flow\">\n<p class=\"has-text-align-center\"><a rel=\"noreferrer noopener\" href=\"https:\/\/haefni.is\/\" target=\"_blank\">H\u00e6fnisetur fer\u00f0a\u00fej\u00f3nustunnar<\/a><\/p>\n\n\n\n<p class=\"has-text-align-center\"><a rel=\"noreferrer noopener\" href=\"https:\/\/www.saf.is\" target=\"_blank\">Samt\u00f6k fer\u00f0a\u00fej\u00f3nustunnar (SAF)<\/a><\/p>\n\n\n\n<p class=\"has-text-align-center\"><a href=\"https:\/\/www.ferdamalastofa.is\" target=\"_blank\" rel=\"noreferrer noopener\">Fer\u00f0am\u00e1lastofa<\/a><\/p>\n\n\n\n<p class=\"has-text-align-center\"><a href=\"https:\/\/www.vakinn.is\" target=\"_blank\" rel=\"noreferrer noopener\">Vakinn \u2013 G\u00e6\u00f0a- og umhverfisvottun fer\u00f0a\u00fej\u00f3nustunnar<\/a><\/p>\n\n\n\n<p class=\"has-text-align-center\"><a rel=\"noreferrer noopener\" href=\"https:\/\/www.icelandtourism.is\" target=\"_blank\">\u00cdslenski fer\u00f0aklasinn<\/a><\/p>\n<\/div><\/div>\n<\/div>\n<\/div>\n<\/div><\/div>\n<\/div><\/div>\n","protected":false},"excerpt":{"rendered":"<p>Fer\u00f0a\u00fej\u00f3nusta Ertu a\u00f0 leita a\u00f0 uppl\u00fdsingum um \u00fej\u00f3nustu (gistingu, s\u00f6fn, fer\u00f0ir og af\u00fereyingu, samg\u00f6ngur, veitingasta\u00f0i o.s.frv.) og hvar hana er a\u00f0 finna? Fer\u00f0a\u00fej\u00f3nusta um land allt visiticeland.com ferdalag.is publictransport.is dineout.is Fer\u00f0a\u00fej\u00f3nusta \u00ed landshlutunum west.is westfjords.is northiceland.is east.is south.is visitreykjanes.is visitreykjavik.is Ertu a\u00f0 leita a\u00f0 s\u00edman\u00fameri e\u00f0a heimilisfangi? ja.is Ve\u00f0ur og \u00f6ryggi Ertu a\u00f0 leita a\u00f0 [&hellip;]<\/p>\n","protected":false},"author":10,"featured_media":0,"parent":0,"menu_order":0,"comment_status":"closed","ping_status":"closed","template":"","meta":{"_acf_changed":false,"footnotes":""},"class_list":["post-1211","page","type-page","status-publish","hentry"],"acf":[],"_links":{"self":[{"href":"https:\/\/goodtoknow.is\/is\/wp-json\/wp\/v2\/pages\/1211","targetHints":{"allow":["GET"]}}],"collection":[{"href":"https:\/\/goodtoknow.is\/is\/wp-json\/wp\/v2\/pages"}],"about":[{"href":"https:\/\/goodtoknow.is\/is\/wp-json\/wp\/v2\/types\/page"}],"author":[{"embeddable":true,"href":"https:\/\/goodtoknow.is\/is\/wp-json\/wp\/v2\/users\/10"}],"replies":[{"embeddable":true,"href":"https:\/\/goodtoknow.is\/is\/wp-json\/wp\/v2\/comments?post=1211"}],"version-history":[{"count":21,"href":"https:\/\/goodtoknow.is\/is\/wp-json\/wp\/v2\/pages\/1211\/revisions"}],"predecessor-version":[{"id":2070,"href":"https:\/\/goodtoknow.is\/is\/wp-json\/wp\/v2\/pages\/1211\/revisions\/2070"}],"wp:attachment":[{"href":"https:\/\/goodtoknow.is\/is\/wp-json\/wp\/v2\/media?parent=1211"}],"curies":[{"name":"wp","href":"https:\/\/api.w.org\/{rel}","templated":true}]}}